{"id":304,"date":"2015-07-31T11:17:04","date_gmt":"2015-07-31T09:17:04","guid":{"rendered":"http:\/\/stahlandmoor.de\/?post_type=product&#038;p=304"},"modified":"2023-09-15T19:00:13","modified_gmt":"2023-09-15T17:00:13","slug":"universal-untergestell-edelstahl-gestell-edelstahltisch","status":"publish","type":"product","link":"https:\/\/stahlandmoor.de\/?product=universal-untergestell-edelstahl-gestell-edelstahltisch","title":{"rendered":"Universal Untergestell Edelstahl Gestell Edelstahltisch"},"content":{"rendered":"<p><a href=\"https:\/\/stahlandmoor.de\/wp-content\/uploads\/2015\/07\/PICT0002.jpg\"><img loading=\"lazy\" decoding=\"async\" class=\"size-medium wp-image-305\" src=\"https:\/\/stahlandmoor.de\/wp-content\/uploads\/2015\/07\/PICT0002-300x225.jpg\" alt=\"DIGITAL CAMERA\" width=\"300\" height=\"225\" srcset=\"https:\/\/stahlandmoor.de\/wp-content\/uploads\/2015\/07\/PICT0002-300x225.jpg 300w, https:\/\/stahlandmoor.de\/wp-content\/uploads\/2015\/07\/PICT0002-600x450.jpg 600w, https:\/\/stahlandmoor.de\/wp-content\/uploads\/2015\/07\/PICT0002-1024x768.jpg 1024w\" sizes=\"auto, (max-width: 300px) 100vw, 300px\" \/><\/a><\/p>\n<p><strong>Untergestell Edelstahlgestell Universal<\/strong><\/p>\n<p><strong>Mit 10 auflageschienen zwischenma\u00df ca:330mm breit.<\/strong><\/p>\n<p><strong>Verstellbarenf\u00fc\u00dfen und Kappen!<\/strong><\/p>\n<p><strong>Auf W\u00fcnsch wird oben drauf eine stabile Edelstahlplatte Angeschwei\u00dft!<\/strong><\/p>\n<p><strong>Ma\u00dfe ca (BxTxH): 760 x 587 x 671 mm kann auch auf 4 lenkrollen sein 2x gebremst! auf Anfrage<\/strong><\/p>\n<p><strong>Auch Jeder Ma\u00df auf Anfrage.<\/strong><\/p>\n","protected":false},"excerpt":{"rendered":"<p>Untergestell Edelstahlgestell Universal Mit 10 auflageschienen zwischenma\u00df ca:330mm breit. Verstellbarenf\u00fc\u00dfen und Kappen! Auf W\u00fcnsch wird oben drauf eine stabile Edelstahlplatte Angeschwei\u00dft! Ma\u00dfe ca (BxTxH): 760 x 587 x 671 mm kann auch<a class=\"moretag\" href=\"https:\/\/stahlandmoor.de\/?product=universal-untergestell-edelstahl-gestell-edelstahltisch\">Read More&#8230;<\/a><\/p>\n","protected":false},"featured_media":305,"template":"","meta":[],"product_brand":[],"product_cat":[14],"product_tag":[60],"class_list":{"0":"post-304","1":"product","2":"type-product","3":"status-publish","4":"has-post-thumbnail","6":"product_cat-unterbau-und-untergestellen-fuer-pizzaofenund-kombidaempfer-untergestellen","7":"product_tag-geraetuntergestell","8":"product_shipping_class-deutschland","10":"first","11":"instock","12":"taxable","13":"shipping-taxable","14":"purchasable","15":"product-type-simple"},"_links":{"self":[{"href":"https:\/\/stahlandmoor.de\/index.php?rest_route=\/wp\/v2\/product\/304","targetHints":{"allow":["GET"]}}],"collection":[{"href":"https:\/\/stahlandmoor.de\/index.php?rest_route=\/wp\/v2\/product"}],"about":[{"href":"https:\/\/stahlandmoor.de\/index.php?rest_route=\/wp\/v2\/types\/product"}],"wp:featuredmedia":[{"embeddable":true,"href":"https:\/\/stahlandmoor.de\/index.php?rest_route=\/wp\/v2\/media\/305"}],"wp:attachment":[{"href":"https:\/\/stahlandmoor.de\/index.php?rest_route=%2Fwp%2Fv2%2Fmedia&parent=304"}],"wp:term":[{"taxonomy":"product_brand","embeddable":true,"href":"https:\/\/stahlandmoor.de\/index.php?rest_route=%2Fwp%2Fv2%2Fproduct_brand&post=304"},{"taxonomy":"product_cat","embeddable":true,"href":"https:\/\/stahlandmoor.de\/index.php?rest_route=%2Fwp%2Fv2%2Fproduct_cat&post=304"},{"taxonomy":"product_tag","embeddable":true,"href":"https:\/\/stahlandmoor.de\/index.php?rest_route=%2Fwp%2Fv2%2Fproduct_tag&post=304"}],"curies":[{"name":"wp","href":"https:\/\/api.w.org\/{rel}","templated":true}]}}