{"id":269,"date":"2015-07-30T19:28:16","date_gmt":"2015-07-30T17:28:16","guid":{"rendered":"http:\/\/stahlandmoor.de\/?post_type=product&#038;p=269"},"modified":"2023-09-15T19:01:19","modified_gmt":"2023-09-15T17:01:19","slug":"franzoesische-balkon-klassic","status":"publish","type":"product","link":"https:\/\/stahlandmoor.de\/?product=franzoesische-balkon-klassic","title":{"rendered":"Franz\u00f6sische Balkon &#8222;Klassic&#8220;"},"content":{"rendered":"<p>&nbsp;<\/p>\n<p><a href=\"https:\/\/stahlandmoor.de\/wp-content\/uploads\/2015\/07\/IMG_0879.jpg\"><img loading=\"lazy\" decoding=\"async\" class=\"alignnone size-medium wp-image-376\" src=\"https:\/\/stahlandmoor.de\/wp-content\/uploads\/2015\/07\/IMG_0879-300x200.jpg\" alt=\"IMG_0879\" width=\"300\" height=\"200\" srcset=\"https:\/\/stahlandmoor.de\/wp-content\/uploads\/2015\/07\/IMG_0879-300x200.jpg 300w, https:\/\/stahlandmoor.de\/wp-content\/uploads\/2015\/07\/IMG_0879-600x400.jpg 600w, https:\/\/stahlandmoor.de\/wp-content\/uploads\/2015\/07\/IMG_0879-1024x683.jpg 1024w\" sizes=\"auto, (max-width: 300px) 100vw, 300px\" \/><\/a><a href=\"https:\/\/stahlandmoor.de\/wp-content\/uploads\/2015\/07\/balkon-w.jpg\"><br \/>\n<\/a><\/p>\n<p><strong>Kalssische Franz\u00f6sische Gel\u00e4nder aus Reine Geschliefene Edelstahl!Wird komplett geschwei\u00dft Geliefert incl.Befestigungsmittel!<\/strong><\/p>\n<p><strong>Technische Daten:<\/strong><br \/>\n<strong>Tragstreben (ober und unter Gurt) Edelstahl 1.4301, 33,7&#215;2,0 mm, Korn 240 geschliffen<\/strong><br \/>\n<strong>Streben (F\u00fcllst\u00e4be) 12 mm Edelstahl Vollmaterial, 1.4301, Korn 240 geschliffen.<\/strong><br \/>\n<strong>Max. Abstand der Streben ( F\u00fcllst\u00e4be) 120 mm.4 st\u00fcck runde Aufnahmeplatten f\u00fcr die Leibungmontage!<\/strong><\/p>\n<p><strong>5 edelstahlkugeln 30mm D\u00fcrchmesser<\/strong><\/p>\n<p><strong>\u00a0H\u00f6he-900mm Breite-1000mm<\/strong><\/p>\n<p><strong>Sie wollen so ein Gel\u00e4nder nur mit anderen Massen und Muster? Alles kein Problem. Schreiben Sie uns an<\/strong><\/p>\n","protected":false},"excerpt":{"rendered":"<p>&nbsp; Kalssische Franz\u00f6sische Gel\u00e4nder aus Reine Geschliefene Edelstahl!Wird komplett geschwei\u00dft Geliefert incl.Befestigungsmittel! Technische Daten: Tragstreben (ober und unter Gurt) Edelstahl 1.4301, 33,7&#215;2,0 mm, Korn 240 geschliffen Streben (F\u00fcllst\u00e4be) 12 mm Edelstahl Vollmaterial,<a class=\"moretag\" href=\"https:\/\/stahlandmoor.de\/?product=franzoesische-balkon-klassic\">Read More&#8230;<\/a><\/p>\n","protected":false},"featured_media":376,"template":"","meta":[],"product_brand":[],"product_cat":[21],"product_tag":[50],"class_list":{"0":"post-269","1":"product","2":"type-product","3":"status-publish","4":"has-post-thumbnail","6":"product_cat-fenstergitter-franzoesischer-balkon","7":"product_tag-balkon","8":"product_shipping_class-hermes-2995","10":"first","11":"instock","12":"taxable","13":"shipping-taxable","14":"purchasable","15":"product-type-simple"},"_links":{"self":[{"href":"https:\/\/stahlandmoor.de\/index.php?rest_route=\/wp\/v2\/product\/269","targetHints":{"allow":["GET"]}}],"collection":[{"href":"https:\/\/stahlandmoor.de\/index.php?rest_route=\/wp\/v2\/product"}],"about":[{"href":"https:\/\/stahlandmoor.de\/index.php?rest_route=\/wp\/v2\/types\/product"}],"wp:featuredmedia":[{"embeddable":true,"href":"https:\/\/stahlandmoor.de\/index.php?rest_route=\/wp\/v2\/media\/376"}],"wp:attachment":[{"href":"https:\/\/stahlandmoor.de\/index.php?rest_route=%2Fwp%2Fv2%2Fmedia&parent=269"}],"wp:term":[{"taxonomy":"product_brand","embeddable":true,"href":"https:\/\/stahlandmoor.de\/index.php?rest_route=%2Fwp%2Fv2%2Fproduct_brand&post=269"},{"taxonomy":"product_cat","embeddable":true,"href":"https:\/\/stahlandmoor.de\/index.php?rest_route=%2Fwp%2Fv2%2Fproduct_cat&post=269"},{"taxonomy":"product_tag","embeddable":true,"href":"https:\/\/stahlandmoor.de\/index.php?rest_route=%2Fwp%2Fv2%2Fproduct_tag&post=269"}],"curies":[{"name":"wp","href":"https:\/\/api.w.org\/{rel}","templated":true}]}}